{"id":4237,"date":"2020-08-12T22:18:50","date_gmt":"2020-08-12T20:18:50","guid":{"rendered":"https:\/\/www.dasroteteam.de\/jusos\/?page_id=4237"},"modified":"2025-04-26T14:53:23","modified_gmt":"2025-04-26T12:53:23","slug":"unser-wir-braucht-dich","status":"publish","type":"page","link":"https:\/\/www.dasroteteam.de\/jusos\/wer-wir-sind\/unser-wir-braucht-dich\/","title":{"rendered":"UNSER WIR BRAUCHT DICH!"},"content":{"rendered":"<figure class=\"wp-block-embed-youtube wp-block-embed is-type-video is-provider-youtube wp-embed-aspect-16-9 wp-has-aspect-ratio\"><div class=\"lyte-wrapper\" style=\"width:853px;max-width:100%;margin:5px auto;\"><div class=\"lyMe\" id=\"WYL_i_PG9SoaSDg\"><div id=\"lyte_i_PG9SoaSDg\" data-src=\"\/\/i.ytimg.com\/vi\/i_PG9SoaSDg\/hqdefault.jpg\" class=\"pL\"><div class=\"tC\"><div class=\"tT\"><\/div><\/div><div class=\"play\"><\/div><div class=\"ctrl\"><div class=\"Lctrl\"><\/div><div class=\"Rctrl\"><\/div><\/div><\/div><noscript><a href=\"https:\/\/youtu.be\/i_PG9SoaSDg\" rel=\"nofollow\"><img fetchpriority=\"high\" decoding=\"async\" src=\"https:\/\/i.ytimg.com\/vi\/i_PG9SoaSDg\/0.jpg\" alt=\"YouTube-Video-Vorschaubild\" width=\"853\" height=\"460\" \/><br \/>Dieses Video auf YouTube ansehen<\/a><\/noscript><\/div><\/div><div class=\"lL\" style=\"max-width:100%;width:853px;margin:5px auto;\"><\/div><figcaption><\/figcaption><\/figure>\r\n\r\n\r\n<div class=\"wp-block-columns is-layout-flex wp-container-core-columns-is-layout-28f84493 wp-block-columns-is-layout-flex\">\r\n<div class=\"wp-block-column is-layout-flow wp-block-column-is-layout-flow\">\r\n<h2 class=\"has-text-align-center wp-block-heading\">FREIHEIT<\/h2>\r\n\r\n\r\n\r\n<p id=\"block-23ca9cb0-0216-4c41-87b4-a5a9d60b7ce7\" class=\"wp-block-preformatted block-editor-block-list__block wp-block is-selected is-typing rich-text block-editor-rich-text__editable is-hovered wp-block\" tabindex=\"0\" role=\"textbox\" aria-label=\"Schreibe vorformatierten Text\u00e2\u20ac\u00a6\" aria-multiline=\"true\" data-block=\"23ca9cb0-0216-4c41-87b4-a5a9d60b7ce7\" data-type=\"core\/preformatted\" data-title=\"Vorformatiert\"><strong>Freiheit<\/strong>\u00a0ist f\u00fcr uns Jusos ein zentrales politisches Ziel. Wir begreifen Freiheit als einen Zustand, der dem\/der Einzelnen die M\u00f6glichkeit gibt, so zu leben, wie er\/sie es m\u00f6chte, ohne durch diese Wahl Benachteiligungen zu erfahren. Wir wollen dies durch einen sozialen und gerechten Staat mit gleichen Lebensbedingungen f\u00fcr alle erm\u00f6glichen. Ein freies, selbstbestimmtes Leben kann nur erreicht werden, wenn der Zugang zu \u00f6ffentlichen G\u00fctern f\u00fcr alle Menschen unter gleichen Bedingungen m\u00f6glich ist.<\/p>\r\n<\/div>\r\n\r\n\r\n\r\n<div class=\"wp-block-column is-layout-flow wp-block-column-is-layout-flow\">\r\n<h2 class=\"has-text-align-center wp-block-heading\">GERECHTIGKEIT<\/h2>\r\n\r\n\r\n\r\n<p id=\"block-4d6465a5-c0e0-43f4-b372-1d0489f95e9c\" class=\"wp-block-preformatted block-editor-block-list__block wp-block is-selected rich-text block-editor-rich-text__editable is-hovered wp-block\" tabindex=\"0\" role=\"textbox\" aria-label=\"Schreibe vorformatierten Text\u00e2\u20ac\u00a6\" aria-multiline=\"true\" data-block=\"4d6465a5-c0e0-43f4-b372-1d0489f95e9c\" data-type=\"core\/preformatted\" data-title=\"Vorformatiert\"><strong>Gerechtigkeit<\/strong>\u00a0bedeutet f\u00fcr uns, dass allen Menschen, unabh\u00e4ngig von Geschlecht, Herkunft, sozialer Stellung und Vorlieben die gleichen M\u00f6glichkeiten und die gleiche Teilhabe an Wohlstand und Macht zukommen. Wir meinen damit konkret gleiche Teilhabe an Bildung, Arbeit, sozialer Sicherheit, Kultur und Demokratie sowie gleichen Zugang zu allen \u00f6ffentlichen G\u00fctern. Hierf\u00fcr zu k\u00e4mpfen ist notwendig, denn oft wird Gesellschaft auf \u00d6konomie verk\u00fcrzt verstanden. Dies f\u00fchrt zu Ungleichheit und somit auch Ungerechtigkeit.<\/p>\r\n<\/div>\r\n\r\n\r\n\r\n<div class=\"wp-block-column is-layout-flow wp-block-column-is-layout-flow\">\r\n<h2 class=\"has-text-align-center wp-block-heading\">SOLIDARIT\u00c4T<\/h2>\r\n\r\n\r\n\r\n<p id=\"block-234a1c92-c65c-4260-8288-4827a6c14e05\" class=\"wp-block-preformatted block-editor-block-list__block wp-block is-selected is-typing rich-text block-editor-rich-text__editable is-hovered wp-block\" tabindex=\"0\" role=\"textbox\" aria-label=\"Schreibe vorformatierten Text\u00e2\u20ac\u00a6\" aria-multiline=\"true\" data-block=\"234a1c92-c65c-4260-8288-4827a6c14e05\" data-type=\"core\/preformatted\" data-title=\"Vorformatiert\">Der <strong>Solidarit\u00e4t<\/strong> hat Bertold Brecht gleich ein ganzes Lied gewidmet. In diesem Lied, das er vor dem Hintergrund der Weltwirtschaftskrise zwischen 1929 und 1930 geschrieben hat, ruft er alle ArbeiterInnen auf der ganzen Welt auf sich zusammenzuschlie\u00dfen. Gemeinsam soll das Proletariat den bestehenden Ungerechtigkeiten und Ausbeutungen durch die Herrschenden entgegentreten und sich dadurch aus seiner eigenen Armut befreien.<\/p>\r\n<\/div>\r\n<\/div>\r\n\r\n\r\n\r\n<p>&nbsp;<\/p>\r\n","protected":false},"excerpt":{"rendered":"<p>FREIHEIT Freiheit\u00a0ist f\u00fcr uns Jusos ein zentrales politisches Ziel. Wir begreifen Freiheit als einen Zustand, der dem\/der Einzelnen die M\u00f6glichkeit gibt, so zu leben, wie er\/sie es m\u00f6chte, ohne durch [&hellip;]<\/p>\n","protected":false},"author":2,"featured_media":0,"parent":1428,"menu_order":0,"comment_status":"closed","ping_status":"closed","template":"","meta":{"_uag_custom_page_level_css":"","site-sidebar-layout":"default","site-content-layout":"default","ast-site-content-layout":"default","site-content-style":"default","site-sidebar-style":"default","ast-global-header-display":"","ast-banner-title-visibility":"","ast-main-header-display":"","ast-hfb-above-header-display":"","ast-hfb-below-header-display":"","ast-hfb-mobile-header-display":"","site-post-title":"","ast-breadcrumbs-content":"","ast-featured-img":"","footer-sml-layout":"","ast-disable-related-posts":"","theme-transparent-header-meta":"disabled","adv-header-id-meta":"","stick-header-meta":"","header-above-stick-meta":"","header-main-stick-meta":"","header-below-stick-meta":"","astra-migrate-meta-layouts":"set","ast-page-background-enabled":"default","ast-page-background-meta":{"desktop":{"background-color":"var(--ast-global-color-4)","background-image":"","background-repeat":"repeat","background-position":"center center","background-size":"auto","background-attachment":"scroll","background-type":"","background-media":"","overlay-type":"","overlay-color":"","overlay-opacity":"","overlay-gradient":""},"tablet":{"background-color":"","background-image":"","background-repeat":"repeat","background-position":"center center","background-size":"auto","background-attachment":"scroll","background-type":"","background-media":"","overlay-type":"","overlay-color":"","overlay-opacity":"","overlay-gradient":""},"mobile":{"background-color":"","background-image":"","background-repeat":"repeat","background-position":"center center","background-size":"auto","background-attachment":"scroll","background-type":"","background-media":"","overlay-type":"","overlay-color":"","overlay-opacity":"","overlay-gradient":""}},"ast-content-background-meta":{"desktop":{"background-color":"var(--ast-global-color-5)","background-image":"","background-repeat":"repeat","background-position":"center center","background-size":"auto","background-attachment":"scroll","background-type":"","background-media":"","overlay-type":"","overlay-color":"","overlay-opacity":"","overlay-gradient":""},"tablet":{"background-color":"var(--ast-global-color-5)","background-image":"","background-repeat":"repeat","background-position":"center center","background-size":"auto","background-attachment":"scroll","background-type":"","background-media":"","overlay-type":"","overlay-color":"","overlay-opacity":"","overlay-gradient":""},"mobile":{"background-color":"var(--ast-global-color-5)","background-image":"","background-repeat":"repeat","background-position":"center center","background-size":"auto","background-attachment":"scroll","background-type":"","background-media":"","overlay-type":"","overlay-color":"","overlay-opacity":"","overlay-gradient":""}},"footnotes":""},"class_list":["post-4237","page","type-page","status-publish","hentry"],"uagb_featured_image_src":{"full":false,"thumbnail":false,"medium":false,"medium_large":false,"large":false,"1536x1536":false,"2048x2048":false,"slide-thumbnail":false},"uagb_author_info":{"display_name":"Redaktion","author_link":"https:\/\/www.dasroteteam.de\/jusos\/author\/vogelje\/"},"uagb_comment_info":0,"uagb_excerpt":"FREIHEIT Freiheit\u00a0ist f\u00fcr uns Jusos ein zentrales politisches Ziel. Wir begreifen Freiheit als einen Zustand, der dem\/der Einzelnen die M\u00f6glichkeit gibt, so zu leben, wie er\/sie es m\u00f6chte, ohne durch [&hellip;]","_links":{"self":[{"href":"https:\/\/www.dasroteteam.de\/jusos\/wp-json\/wp\/v2\/pages\/4237","targetHints":{"allow":["GET"]}}],"collection":[{"href":"https:\/\/www.dasroteteam.de\/jusos\/wp-json\/wp\/v2\/pages"}],"about":[{"href":"https:\/\/www.dasroteteam.de\/jusos\/wp-json\/wp\/v2\/types\/page"}],"author":[{"embeddable":true,"href":"https:\/\/www.dasroteteam.de\/jusos\/wp-json\/wp\/v2\/users\/2"}],"replies":[{"embeddable":true,"href":"https:\/\/www.dasroteteam.de\/jusos\/wp-json\/wp\/v2\/comments?post=4237"}],"version-history":[{"count":0,"href":"https:\/\/www.dasroteteam.de\/jusos\/wp-json\/wp\/v2\/pages\/4237\/revisions"}],"up":[{"embeddable":true,"href":"https:\/\/www.dasroteteam.de\/jusos\/wp-json\/wp\/v2\/pages\/1428"}],"wp:attachment":[{"href":"https:\/\/www.dasroteteam.de\/jusos\/wp-json\/wp\/v2\/media?parent=4237"}],"curies":[{"name":"wp","href":"https:\/\/api.w.org\/{rel}","templated":true}]}}