{"id":2555,"date":"2018-05-16T03:57:41","date_gmt":"2018-05-16T01:57:41","guid":{"rendered":"https:\/\/www.dasroteteam.de\/jusos\/?page_id=2555"},"modified":"2025-04-27T18:35:05","modified_gmt":"2025-04-27T16:35:05","slug":"impressum","status":"publish","type":"page","link":"https:\/\/www.dasroteteam.de\/jusos\/impressum\/impressum\/","title":{"rendered":"Impressum"},"content":{"rendered":"<p><strong>Sozialdemokratische Partei Deutschlands (SPD)<br \/>\nKreisverband Minden-L\u00fcbbecke<\/strong><br \/>\n<strong>Vertreten durch den: SPD-Gesch\u00e4ftsf\u00fchrer Ulrich Pock<br \/>\nJusos in der SPD Minden-L\u00fcbbecke<\/strong><br \/>\n<strong>L\u00fcbbecker Str. 202<\/strong><br \/>\n<strong>32429 Minden<\/strong><\/p>\n<p>Telefon: +49 (05 71) 5 05 05 30<br \/>\nFax: +49 (05 71) 5 05 05 50<br \/>\nMail: minden.luebbecke.nrw@spd.de<\/p>\n<p><strong>Inhaltlich Verantwortlicher gem. \u00a7 18 Abs. 2 MStV:<\/strong><br \/>\nUlrich Pock<br \/>\nSPD Minden-L\u00fcbbecke<br \/>\nL\u00fcbbecker Str. 202<br \/>\n32429 Minden<\/p>\n<p>Telefon: +49 (05 71)5 05 05 30<br \/>\nFax: +49 (05 71) 5 05 05 50<br \/>\nMail: minden.luebbecke.nrw@spd.de<\/p>\n<p><strong>Administrativer Ansprechpartner:<\/strong><br \/>\nJens Vogel<br \/>\nSPD Minden-L\u00fcbbecke<br \/>\nOnlinebeauftragter<br \/>\nL\u00fcbbecker Str. 202<br \/>\n32429 Minden<\/p>\n<p>Telefon: +49 (05 71)5 05 05 30<br \/>\nFax: +49 (05 71) 5 05 05 50<br \/>\nMail: jens.vogel@jusos-mi-lk.de<\/p>\n<p>Amtsgericht: Minden<\/p>\n<p><strong>Bilder:<br \/>\n<\/strong><br \/>\nEinige Fotos entstammen dem Bildarchiv von photocase.com\/pixelio.de und unterliegen so speziellen Nutzungsbedingungen. Sofern aus diesen Fotos ein Composing entstanden ist, unterliegt dieses den Nutzungsbedingungen des SPD-Parteivorstandes.<\/p>\n<p>Weitere Fotos der Webseite\/FB-Seite stammen aus der Datenbank <a href=\"http:\/\/www.pixabay.com\/\" target=\"_blank\" rel=\"noopener noreferrer\">Pixabay.com<\/a> und sind gemeinfrei nach der <a href=\"https:\/\/creativecommons.org\/publicdomain\/zero\/1.0\/deed.de\" target=\"_blank\" rel=\"noopener noreferrer\">Creative Commons CC0<\/a>\u00a0(Bis<strong> 31.12.2018<\/strong>). Seit <strong>01.01.2019 <\/strong>werden diese per vereinfachter <a href=\"https:\/\/pixabay.com\/de\/service\/terms\/#license\" target=\"_blank\" rel=\"noopener noreferrer\">Pixabay-Lizenz<\/a> zur Verf\u00fcgung gestellt.<\/p>\n<section><strong>Haftungsausschuss:<\/strong><\/section>\n<section><strong><br \/>\n<\/strong><strong>Haftung f\u00fcr Inhalte<\/strong><\/section>\n<section><\/section>\n<section>Die Inhalte unserer Seiten wurden mit gr\u00f6\u00dfter Sorgfalt erstellt. F\u00fcr die Richtigkeit, Vollst\u00e4ndigkeit und Aktualit\u00e4t der Inhalte k\u00f6nnen wir jedoch keine Gew\u00e4hr \u00fcbernehmen. Als Diensteanbieter sind wir gem\u00e4\u00df \u00a7 7 Abs.1 TMG f\u00fcr eigene Inhalte auf diesen Seiten nach den allgemeinen Gesetzen verantwortlich. Nach \u00a7\u00a7 8 bis 10 TMG sind wir als Diensteanbieter jedoch nicht verpflichtet, \u00fcbermittelte oder gespeicherte fremde Informationen zu \u00fcberwachen oder nach Umst\u00e4nden zu forschen, die auf eine rechtswidrige T\u00e4tigkeit hinweisen. Verpflichtungen zur Entfernung oder Sperrung der Nutzung von Informationen nach den allgemeinen Gesetzen bleiben hiervon unber\u00fchrt. Eine diesbez\u00fcgliche Haftung ist jedoch erst ab dem Zeitpunkt der Kenntnis einer konkreten Rechtsverletzung m\u00f6glich. Bei Bekanntwerden von entsprechenden Rechtsverletzungen werden wir diese Inhalte umgehend entfernen.<\/section>\n<section><\/section>\n<section><strong><br \/>\nHaftung f\u00fcr Links<\/strong><\/section>\n<section><\/section>\n<section>Unser Angebot enth\u00e4lt Links zu externen Webseiten Dritter, auf deren Inhalte wir keinen Einfluss haben. Deshalb k\u00f6nnen wir f\u00fcr diese fremden Inhalte auch keine Gew\u00e4hrleistung \u00fcbernehmen. F\u00fcr die Inhalte der verlinkten Seiten ist stets der jeweilige Anbieter oder Betreiber der Seiten verantwortlich. Die verlinkten Seiten wurden zum Zeitpunkt der Verlinkung auf m\u00f6gliche Rechtsverst\u00f6\u00dfe \u00fcberpr\u00fcft. Rechtswidrige Inhalte waren zum Zeitpunkt der Verlinkung nicht erkennbar. Eine permanente inhaltliche Kontrolle der verlinkten Seiten ist jedoch ohne konkrete Anhaltspunkte einer Rechtsverletzung nicht zumutbar. Bei Bekanntwerden von Rechtsverletzungen werden wir derartige Links umgehend entfernen.<\/section>\n<section><\/section>\n<section><\/section>\n<section><\/section>\n<section><\/section>\n<section><strong>Urheberrecht<\/strong><\/section>\n<section>Die durch die Seitenbetreiber erstellten Inhalte und Werke auf diesen Seiten unterliegen dem deutschen Urheberrecht. Die Vervielf\u00e4ltigung, Bearbeitung, Verbreitung und jede Art der Verwertung au\u00dferhalb der Grenzen des Urheberrechtes bed\u00fcrfen der schriftlichen Zustimmung des jeweiligen Autors bzw. Erstellers. Downloads und Kopien dieser Seite sind nur f\u00fcr den privaten, nicht kommerziellen Gebrauch gestattet. Soweit die Inhalte auf dieser Seite nicht vom Betreiber erstellt wurden, werden die Urheberrechte Dritter beachtet. Insbesondere werden Inhalte Dritter als solche gekennzeichnet. Sollten Sie trotzdem auf eine Urheberrechtsverletzung aufmerksam werden, bitten wir um einen entsprechenden Hinweis. Bei Bekanntwerden von Rechtsverletzungen werden wir derartige Inhalte umgehend entfernen.<\/section>\n<section><\/section>\n<section><\/section>\n<section><strong>Nutzung\/Missbrauch der Kontaktdaten<\/strong><\/section>\n<section>Der Nutzung von im Rahmen der Impressumspflicht ver\u00f6ffentlichten Kontaktdaten durch Dritte zur \u00c3\u0153bersendung von nicht ausdr\u00fccklich angeforderter Werbung und Informationsmaterialien wird hiermit ausdr\u00fccklich widersprochen. Die Betreiber der Seiten behalten sich ausdr\u00fccklich rechtliche Schritte im Falle der unverlangten Zusendung von Werbeinformationen, etwa durch Spam-Mails, vor.<\/section>\n","protected":false},"excerpt":{"rendered":"<p>Sozialdemokratische Partei Deutschlands (SPD) Kreisverband Minden-L\u00fcbbecke Vertreten durch den: SPD-Gesch\u00e4ftsf\u00fchrer Ulrich Pock Jusos in der SPD Minden-L\u00fcbbecke L\u00fcbbecker Str. 202 32429 Minden Telefon: +49 (05 71) 5 05 05 30 [&hellip;]<\/p>\n","protected":false},"author":2,"featured_media":0,"parent":15,"menu_order":0,"comment_status":"closed","ping_status":"closed","template":"","meta":{"_uag_custom_page_level_css":"","site-sidebar-layout":"default","site-content-layout":"default","ast-site-content-layout":"default","site-content-style":"default","site-sidebar-style":"default","ast-global-header-display":"","ast-banner-title-visibility":"","ast-main-header-display":"","ast-hfb-above-header-display":"","ast-hfb-below-header-display":"","ast-hfb-mobile-header-display":"","site-post-title":"","ast-breadcrumbs-content":"","ast-featured-img":"","footer-sml-layout":"","ast-disable-related-posts":"","theme-transparent-header-meta":"disabled","adv-header-id-meta":"","stick-header-meta":"","header-above-stick-meta":"","header-main-stick-meta":"","header-below-stick-meta":"","astra-migrate-meta-layouts":"set","ast-page-background-enabled":"default","ast-page-background-meta":{"desktop":{"background-color":"var(--ast-global-color-4)","background-image":"","background-repeat":"repeat","background-position":"center center","background-size":"auto","background-attachment":"scroll","background-type":"","background-media":"","overlay-type":"","overlay-color":"","overlay-opacity":"","overlay-gradient":""},"tablet":{"background-color":"","background-image":"","background-repeat":"repeat","background-position":"center center","background-size":"auto","background-attachment":"scroll","background-type":"","background-media":"","overlay-type":"","overlay-color":"","overlay-opacity":"","overlay-gradient":""},"mobile":{"background-color":"","background-image":"","background-repeat":"repeat","background-position":"center center","background-size":"auto","background-attachment":"scroll","background-type":"","background-media":"","overlay-type":"","overlay-color":"","overlay-opacity":"","overlay-gradient":""}},"ast-content-background-meta":{"desktop":{"background-color":"var(--ast-global-color-5)","background-image":"","background-repeat":"repeat","background-position":"center center","background-size":"auto","background-attachment":"scroll","background-type":"","background-media":"","overlay-type":"","overlay-color":"","overlay-opacity":"","overlay-gradient":""},"tablet":{"background-color":"var(--ast-global-color-5)","background-image":"","background-repeat":"repeat","background-position":"center center","background-size":"auto","background-attachment":"scroll","background-type":"","background-media":"","overlay-type":"","overlay-color":"","overlay-opacity":"","overlay-gradient":""},"mobile":{"background-color":"var(--ast-global-color-5)","background-image":"","background-repeat":"repeat","background-position":"center center","background-size":"auto","background-attachment":"scroll","background-type":"","background-media":"","overlay-type":"","overlay-color":"","overlay-opacity":"","overlay-gradient":""}},"footnotes":""},"class_list":["post-2555","page","type-page","status-publish","hentry"],"uagb_featured_image_src":{"full":false,"thumbnail":false,"medium":false,"medium_large":false,"large":false,"1536x1536":false,"2048x2048":false,"slide-thumbnail":false},"uagb_author_info":{"display_name":"Redaktion","author_link":"https:\/\/www.dasroteteam.de\/jusos\/author\/vogelje\/"},"uagb_comment_info":0,"uagb_excerpt":"Sozialdemokratische Partei Deutschlands (SPD) Kreisverband Minden-L\u00fcbbecke Vertreten durch den: SPD-Gesch\u00e4ftsf\u00fchrer Ulrich Pock Jusos in der SPD Minden-L\u00fcbbecke L\u00fcbbecker Str. 202 32429 Minden Telefon: +49 (05 71) 5 05 05 30 [&hellip;]","_links":{"self":[{"href":"https:\/\/www.dasroteteam.de\/jusos\/wp-json\/wp\/v2\/pages\/2555","targetHints":{"allow":["GET"]}}],"collection":[{"href":"https:\/\/www.dasroteteam.de\/jusos\/wp-json\/wp\/v2\/pages"}],"about":[{"href":"https:\/\/www.dasroteteam.de\/jusos\/wp-json\/wp\/v2\/types\/page"}],"author":[{"embeddable":true,"href":"https:\/\/www.dasroteteam.de\/jusos\/wp-json\/wp\/v2\/users\/2"}],"replies":[{"embeddable":true,"href":"https:\/\/www.dasroteteam.de\/jusos\/wp-json\/wp\/v2\/comments?post=2555"}],"version-history":[{"count":0,"href":"https:\/\/www.dasroteteam.de\/jusos\/wp-json\/wp\/v2\/pages\/2555\/revisions"}],"up":[{"embeddable":true,"href":"https:\/\/www.dasroteteam.de\/jusos\/wp-json\/wp\/v2\/pages\/15"}],"wp:attachment":[{"href":"https:\/\/www.dasroteteam.de\/jusos\/wp-json\/wp\/v2\/media?parent=2555"}],"curies":[{"name":"wp","href":"https:\/\/api.w.org\/{rel}","templated":true}]}}