{"id":2550,"date":"2018-05-16T03:50:35","date_gmt":"2018-05-16T01:50:35","guid":{"rendered":"https:\/\/www.dasroteteam.de\/jusos\/?page_id=2550"},"modified":"2025-04-26T15:04:53","modified_gmt":"2025-04-26T13:04:53","slug":"datenschutz","status":"publish","type":"page","link":"https:\/\/www.dasroteteam.de\/jusos\/impressum\/datenschutz\/","title":{"rendered":"Datenschutz"},"content":{"rendered":"<div class=\"entry-content\">\n<section><b>Allgemeiner Hinweis<\/b><\/p>\n<p>Die Nutzung unserer Webseite ist in der Regel ohne Angabe personenbezogener Daten m\u00f6glich. Soweit auf unseren Seiten personenbezogene Daten (beispielsweise Name, Anschrift oder eMail-Adressen) erhoben werden, erfolgt dies, soweit m\u00f6glich, stets auf freiwilliger Basis.<\/p>\n<p>Diese Daten werden ohne Ihre ausdr\u00fcckliche Zustimmung nicht an Dritte weitergegeben und nur im Rahmen der gestellten Anfrage\/Kontaktaufnahme\/Bearbeitung des Sachverhaltes verarbeitet. Wir weisen darauf hin, dass die Daten\u00fcbertragung im Internet (z.B. bei der Kommunikation per E-Mail) Sicherheitsl\u00fccken aufweisen kann. Ein l\u00fcckenloser Schutz der Daten vor dem Zugriff durch Dritte ist nicht m\u00f6glich.<\/p>\n<p><b>Rechtsgrundlagen der Verarbeitung\u00a0\u00a0\u00a0<\/b><\/p>\n<p>Soweit die Verarbeitung personenbezogener Daten zur Wahrnehmung einer Aufgabe erforderlich ist, die im \u00f6ffentlichen Interesse liegt oder in Aus\u00fcbung \u00f6ffentlicher Gewalt, die \u00fcbertragen wurde, ist die Rechtsgrundlage Art. 6 Abs. 1 lit.e, Abs. 3 DS-GVO i. V. m. \u00a7 47 AbgG, \u00a7 3 BDSG.<\/p>\n<p>Soweit wir f\u00fcr Verarbeitungsvorg\u00e4nge personenbezogener Daten eine Einwilligung der betroffenen Person einholen, dient Art.\u00a06 Abs.\u00a01 lit.\u00a0a DS-GVO als Rechtsgrundlage.<\/p>\n<p>Die Durchf\u00fchrung der statistischen Erhebungen erfolgt auf Grundlage berechtigten Interesses gem. Art. 6 Abs. 1 lit. f DSGVO.<\/p>\n<p><b>Beschreibung und Umfang der Verarbeitung personenbezogener Daten\u00a0<\/b><\/p>\n<p>a.) bei Nutzung unserer Webseite<\/p>\n<p>Bei jedem Zugriff auf meine Seite werden die folgenden Daten gespeichert<\/p>\n<ul>\n<li>Adresse des zugreifenden Rechners (IP-Nummer)<\/li>\n<li>Datum und Uhrzeit<\/li>\n<li>Abgerufene Seite oder Datei<\/li>\n<li>\u00dcbertragene Datenmenge<\/li>\n<li>Browsertyp, Betriebssystem, Bildschirmaufl\u00f6sung<\/li>\n<\/ul>\n<p>Die genannten Daten werden durch uns zu folgenden Zwecken verarbeitet:<\/p>\n<ul>\n<li>Gew\u00e4hrleistung eines reibungslosen Verbindungsaufbaus der Website,<\/li>\n<li>Gew\u00e4hrleistung einer komfortablen Nutzung unserer Website<\/li>\n<\/ul>\n<p>b.)\u00a0bei Kontaktaufnahme, Umgang mit Anfragen<\/p>\n<p>Wenn Sie uns Anfragen (einschlie\u00dflich Anregungen oder Kritik) zukommen lassen (\u00fcber das Kontaktformular, per E-Mail, Post, m\u00fcndlich oder telefonisch), werden Ihre Angaben sowie die von Ihnen angegebenen Kontaktdaten zwecks Bearbeitung der Anfrage und f\u00fcr den Fall von Anschlussfragen bei uns gespeichert.<\/p>\n<p>Ihre Anfragen werden gegebenenfalls an fachlich zust\u00e4ndige Abgeordnete der SPD-Bundestags-, Landtags- bzw. Kreistagsfraktion weitergeleitet, wenn dies zur Beantwortung der Anfrage erforderlich ist und wir nicht von Ihrem entgegenstehenden Willen ausgehen m\u00fcssen. Davon abgesehen werden Ihre Daten nur mit Ihrer Einwilligung weitergegeben.<\/p>\n<p>Anfragen im Zusammenhang mit unseren Arbeitsgemeinschaften werden an die zust\u00e4ndigen Vorsitzenden zur weiteren Bearbeitung weitergeleitet.<\/p>\n<p>Anfragen im Zusammenhang mit unseren Gliederungen (Stadt- und Gemeindeverb\u00e4nde und OV, AG) werden ggf. an die zust\u00e4ndigen Vorsitzenden zur weiteren Bearbeitung weitergeleitet.<\/p>\n<p><b>Verwendung von Cookies (Technisch notwendige):<\/b><\/p>\n<\/section>\n<\/div>\n<section>\n<table>\n<tbody>\n<tr>\n<th>NAME<\/th>\n<th>ZWECK<\/th>\n<th>G\u00dcLTIGKEIT<\/th>\n<\/tr>\n<tr>\n<td>wordpress_test_cookie<\/td>\n<td>Dieses Cookie ermittelt, ob die Verwendung von Cookies im Browser deaktiviert wurde. Speicherdauer: Bis zum Ende der Browsersitzung (wird beim Schlie\u00dfen Ihres Internet-Browsers gel\u00f6scht).<\/td>\n<td>Session<\/td>\n<\/tr>\n<tr>\n<td>PHPSESSID<\/td>\n<td>Dieses Cookie speichert Ihre aktuelle Sitzung mit Bezug auf PHP-Anwendungen und gew\u00e4hrleistet so, dass alle Funktionen dieser Website, die auf der PHP-Programmiersprache basieren, vollst\u00e4ndig angezeigt werden k\u00f6nnen. Speicherdauer: Bis zum Ende der Browsersitzung (wird beim Schlie\u00dfen Ihres Internet-Browsers gel\u00f6scht).<\/td>\n<td>Session<\/td>\n<\/tr>\n<tr>\n<td>wordpress_akm_mobile<\/td>\n<td>Diese Cookies werden nur f\u00fcr den Verwaltungsbereich von WordPress verwendet.<\/td>\n<td>1 Jahr<\/td>\n<\/tr>\n<tr>\n<td>wordpress_logged_in_akm_mobile<\/td>\n<td>Diese Cookies werden nur f\u00fcr den Verwaltungsbereich von WordPress verwendet und gelten f\u00fcr andere Seitenbesucher nicht.<\/td>\n<td>Session<\/td>\n<\/tr>\n<tr>\n<td>wp-settings-akm_mobile<\/td>\n<td>Diese Cookies werden nur f\u00fcr den Verwaltungsbereich von WordPress verwendet und gelten f\u00fcr andere Seitenbesucher nicht.<\/td>\n<td>Session<\/td>\n<\/tr>\n<tr>\n<td>wp-settings-time-akm_mobile<\/td>\n<td>Diese Cookies werden nur f\u00fcr den Verwaltungsbereich von WordPress verwendet und gelten f\u00fcr andere Seitenbesucher nicht.<\/td>\n<td>Session<\/td>\n<\/tr>\n<tr>\n<td>ab<\/td>\n<td>wird f\u00fcr A\/B-Tests von neuen Funktionen verwendet.<\/td>\n<td>Session<\/td>\n<\/tr>\n<tr>\n<td>akm_mobile<\/td>\n<td>speichert, ob der Besucher die Mobilversion einer Website angezeigt bekommen m\u00f6chte.<\/td>\n<td>1 Tag<\/td>\n<\/tr>\n<\/tbody>\n<\/table>\n<p><b>Cookies von DSGVO AIO for WordPress:<\/b><\/p>\n<table>\n<tbody>\n<tr>\n<th>NAME<\/th>\n<th>ZWECK<\/th>\n<th>G\u00c3\u0153LTIGKEIT<\/th>\n<\/tr>\n<tr>\n<td>dsgvoaio<\/td>\n<td>Dieser LocalStorage Key \/ Wert speichert welchen Diensten der Nutzer zugestimmt hat oder nicht.<\/td>\n<td>variabel<\/td>\n<\/tr>\n<tr>\n<td>_uniqueuid<\/td>\n<td>Dieser LocalStorage Key \/ Wert speichert eine generierte ID sodass die Opt-in \/ Opt-out Aktionen des Nutzers dokumentiert werden k\u00f6nnen. Die ID wird anonymisiert gespeichert.<\/td>\n<td>variabel<\/td>\n<\/tr>\n<tr>\n<td>dsgvoaio_create<\/td>\n<td>Dieser LocalStorage Key \/ Wert speichert den Zeitpunkt an dem _uniqueuid generiert wurde.<\/td>\n<td>variabel<\/td>\n<\/tr>\n<\/tbody>\n<\/table>\n<p>Allgemeine Infos: Cookies richten auf Ihrem Rechner keinen Schaden an und enthalten keine Viren. Cookies dienen dazu, unser Angebot nutzerfreundlicher, effektiver und sicherer zu machen. Cookies sind kleine Textdateien, die auf Ihrem Rechner abgelegt werden und die Ihr Browser speichert.\u00a0Cookies bleiben auf Ihrem Endger\u00e4t gespeichert, bis Sie diese l\u00f6schen. Diese Cookies erm\u00f6glichen es uns, Ihren Browser beim n\u00e4chsten Besuch wiederzuerkennen.<\/p>\n<p><b>Nutzung unserer Website ohne Cookies<\/b><\/p>\n<p>Selbstverst\u00e4ndlich k\u00f6nnen Sie unsere Website auch nutzen, ohne dass Cookies verwendet werden. Sie k\u00f6nnen hierzu die Verwendung von Cookies jederzeit \u00fcber die Einstellungen Ihres Internet-Browsers generell ablehnen (\u201edeaktivieren\u201c) oder sich das Setzen von Cookies anzeigen lassen und dann im Einzelfall entscheiden, ob Sie Cookies akzeptieren (\u201eCookie-Warnung\u201c). Die hierf\u00fcr notwendigen Einstellungen Ihres Internet-Browsers k\u00f6nnen Sie unter dem Men\u00fc-Punkt \u201eExtras\/Internetoptionen\u201c beim Internet-Explorer von Microsoft oder dem entsprechenden Men\u00fcpunkt bei anderen Browsern vornehmen. Einzelheiten hierzu finden Sie im Hilfemen\u00fc Ihres Internet-Browsers.<\/p>\n<p><b>SocialMedia-Einsatz<\/b><\/p>\n<p>Wir haben auf unserer Webseite Links zu unseren SocialMedia-Autritten.\u00a0Mit dem Klicken auf den Link k\u00f6nnten ggf. erste Daten an die Dienstleister \u00fcbertragen werden. Welche Daten \u00fcbertragen werden sind uns nicht bekannt (Empfehlung: Getrennte Browserprozesse und Ausloggen).\u00a0In diesem Zusammenhang verweisen wir auf die Datenschutzerkl\u00e4rungen der jeweiligen Dienstanbieter.<\/p>\n<p><strong>Schutz-Tool Shariff<\/strong><\/p>\n<p>Um zu verhindern, dass Daten ohne das Wissen des Nutzers an die Diensteanbieter in den USA \u00fcbertragen werden, setzen wir bei den Sharing-Funktionen die sogenannte<a href=\"https:\/\/www.heise.de\/ct\/artikel\/Shariff-Social-Media-Buttons-mit-Datenschutz-2467514.html\" target=\"_blank\" rel=\"noopener noreferrer\"> Shariff-L\u00f6sung<\/a> ein. Diese L\u00f6sung sorgt daf\u00fcr, dass zun\u00e4chst keine personenbezogenen Daten an die Anbieter der einzelnen Social Plugins weitergegeben werden, wenn Sie diese Website besuchen. Erst wenn Sie eines der Social Plugins anklicken, k\u00f6nnen Daten an den Diensteanbieter \u00fcbertragen und dort gespeichert werden. Bitte beachten Sie die folgenden Datenschutzerkl\u00e4rungen zu den SocialMedia-Anbietern:<\/p>\n<p><b>Datenschutzerkl\u00e4rung von facebook:<\/b>\u00a0<a class=\"external-link-new-window\" href=\"http:\/\/de-de.facebook.com\/policy.php\" target=\"_blank\" rel=\"noopener noreferrer\">http:\/\/de-de.facebook.com\/policy.php<\/a><br \/>\n<b>Datenschutzerkl\u00e4rung von Twitter:<\/b>\u00a0<a class=\"external-link-new-window\" href=\"http:\/\/twitter.com\/privacy\" target=\"_blank\" rel=\"noopener noreferrer\">http:\/\/twitter.com\/privacy<\/a><br \/>\n<b>Datenschutzrichtlinie von\u00a0Google:<\/b>\u00a0<a class=\"external-link-new-window\" href=\"https:\/\/www.google.com\/policies\/privacy\/\" target=\"_blank\" rel=\"noopener noreferrer\">https:\/\/www.google.com\/policies\/privacy\/<\/a><br \/>\n<b>Datenschutzrichtlinie von Flickr:<br \/>\n<\/b><a class=\"external-link-new-window\" href=\"https:\/\/policies.oath.com\/ie\/de\/oath\/privacy\/products\/flickr\/index.html\" target=\"_blank\" rel=\"noopener noreferrer\">https:\/\/policies.oath.com\/ie\/de\/oath\/privacy\/products\/flickr\/index.html<\/a><br \/>\n<b>Datenschutzerkl\u00e4rung von Vimeo:<\/b>\u00a0<a class=\"external-link-new-window\" href=\"https:\/\/vimeo.com\/privacy\" target=\"_blank\" rel=\"noopener noreferrer\">https:\/\/vimeo.com\/privacy<\/a><\/p>\n<p><b><br \/>\nDatenschutzerkl\u00e4rung f\u00fcr eingebettete YouTube-Videos <\/b><\/p>\n<p>Um zu verhindern, dass Daten ohne das Wissen des Nutzers an die Diensteanbieter in den USA \u00fcbertragen werden, setzen wir bei bei Youtube das Plugin <strong>Lyte<\/strong>\u00a0ein. Diese L\u00f6sung sorgt daf\u00fcr, dass zun\u00e4chst keine personenbezogenen Daten an Youtube weitergeleitet wird wenn Sie diese Website besuchen. Erst mit dem Klicken auf dem Abspielbutton werden Daten \u00fcbertragen.<\/p>\n<p>Auf einigen unserer Webseiten betten wir Youtube-Videos ein. Betreiber der entsprechenden Plugins ist die YouTube, LLC, 901 Cherry Ave., San Bruno, CA 94066, USA.<\/p>\n<p>Wenn Sie eine Seite mit dem YouTube-Plugin besuchen, wird eine Verbindung zu Servern von Youtube hergestellt. Dabei wird Youtube mitgeteilt, welche Seiten Sie besuchen. Wenn Sie in Ihrem Youtube-Account eingeloggt sind, kann Youtube Ihr Surfverhalten Ihnen pers\u00f6nlich zuzuordnen. Dies verhindern Sie, indem Sie sich vorher aus Ihrem Youtube-Account ausloggen.Wird ein Youtube-Video gestartet, setzt der Anbieter Cookies ein, die Hinweise \u00fcber das Nutzerverhalten sammeln.<\/p>\n<p>Wer das Speichern von Cookies f\u00fcr das Google-Ad-Programm deaktiviert hat, wird auch beim Anschauen von Youtube-Videos mit keinen solchen Cookies rechnen m\u00fcssen. Youtube legt aber auch in anderen Cookies nicht-personenbezogene Nutzungsinformationen ab.<\/p>\n<p>M\u00f6chten Sie dies verhindern, so m\u00fcssen Sie das Speichern von Cookies im Browser blockieren. Weitere Informationen zum Datenschutz bei \u201eYoutube\u201c finden Sie in der Datenschutzerkl\u00e4rung des Anbieters unter: <a class=\"external-link-new-window\" href=\"https:\/\/www.google.de\/intl\/de\/policies\/privacy\/\" target=\"_blank\" rel=\"noopener noreferrer\">https:\/\/www.google.de\/intl\/de\/policies\/privacy\/<\/a><\/p>\n<\/section>\n<div class=\"entry-content\">\n<section>&nbsp;<\/p>\n<p><strong>Verwendung von Scriptbibliotheken (Google Webfonts)<\/strong><\/p>\n<p>Zur optisch verbesserten Darstellung verschiedener Informationen auf dieser Website werden Google Webfonts (<a href=\"http:\/\/www.google.com\/webfonts\/\" target=\"_blank\" rel=\"noopener noreferrer\">http:\/\/www.google.com\/webfonts\/<\/a>) verwendet. Die Webfonts werden dabei beim Aufruf der Seite in den Cache des Browsers \u00fcbertragen, um sie f\u00fcr die Darstellung nutzen zu k\u00f6nnen. Falls der Browser die Google Webfonts nicht unterst\u00fctzt oder den Zugriff unterbindet, wird der Text in einer Standardschrift angezeigt.<\/p>\n<p>Beim Aufruf der Seite werden hierf\u00fcr bei Ihnen keine Cookies gesetzt. Daten, die im Zusammenhang mit dem Seitenaufruf \u00fcbermittelt werden, werden auf ressourcenspezifische Domains wie fonts.googleapis.com oder fonts.gstatic.com gesendet. Sie werden nicht mit Daten in Verbindung gebracht, die ggf. im Zusammenhang mit der parallelen Nutzung von authentifizierten Google-Diensten wie Gmail erhoben oder genutzt werden.<br \/>\nSie k\u00f6nnen Ihren Browser so einstellen, dass die Schriften nicht von den Google-Servern geladen werden (bspw. durch die Installation von Add-Ons wie <a href=\"https:\/\/noscript.net\/\" target=\"_blank\" rel=\"noopener noreferrer\">NoScript<\/a>oder <a href=\"https:\/\/addons.mozilla.org\/de\/firefox\/addon\/ghostery\/\" target=\"_blank\" rel=\"noopener noreferrer\">Ghostery f\u00fcr Firefox<\/a>.) Falls Ihr Browser die Google Fonts nicht unterst\u00fctzt oder Sie den Zugriff auf die Google-Server unterbinden, wird der Text in der Standardschrift des Systems angezeigt.<br \/>\nInformationen zu den Datenschutzbedingungen von Google Webfonts erhalten Sie unter: <a href=\"https:\/\/developers.google.com\/fonts\/faq#Privacy\" target=\"_blank\" rel=\"noopener noreferrer\">https:\/\/developers.google.com\/fonts\/faqPrivacy<\/a><br \/>\nAllgemeine Informationen zum Datenschutz sind im Google Privacy Center abrufbar unter: <a href=\"http:\/\/www.google.com\/intl\/de-DE\/privacy\/\">http:\/\/www.google.com\/intl\/de-DE\/privacy\/<\/a><\/p>\n<p>&nbsp;<\/p>\n<p><b>Ihre Rechte auf Auskunft, Berichtigung, \u00a0L\u00f6schung und Widerspruch<\/b><\/p>\n<p>a)\u00a0\u00a0\u00a0 Recht auf Auskunft \u2013\u00a0Art.\u00a015\u00a0DS-GVO<\/p>\n<p>Mit dem Recht auf Auskunft erh\u00e4lt der Betroffene eine umfassende Einsicht in die ihn angehenden Daten und Informationen \u00fcber einige andere wichtige Kriterien wie beispielsweise die Verarbeitungszwecke oder die Dauer der Speicherung. Es gelten neben den in Art. 15 DS-GVO vorgesehenen Ausnahmen die in \u00a7 34\u00a0BDSG\u00a0geregelten Ausnahmen von diesem Recht.<\/p>\n<p>b)\u00a0\u00a0\u00a0 Recht auf Berichtigung \u2013\u00a0Art.\u00a016\u00a0DS-GVO<\/p>\n<p>Das Recht auf Berichtigung beinhaltet die M\u00f6glichkeit f\u00fcr den Betroffenen, unrichtige ihn angehende personenbezogene Daten korrigieren zu lassen.<\/p>\n<p>c)\u00a0\u00a0\u00a0 Recht auf L\u00f6schung \u2013\u00a0Art.\u00a017\u00a0DS-GVO<\/p>\n<p>Das Recht auf L\u00f6schung beinhaltet die M\u00f6glichkeit f\u00fcr den Betroffenen, Daten beim Verantwortlichen l\u00f6schen zu lassen. Dies ist allerdings nur dann m\u00f6glich, wenn die ihn angehenden personenbezogenen Daten nicht mehr notwendig sind, rechtswidrig verarbeitet werden oder eine diesbez\u00fcgliche Einwilligung widerrufen wurde. Es gelten neben den in Art. 17 Abs. 3 DS-GVO vorgesehenen Ausnahmen die in \u00a7 35\u00a0BDSG geregelten Ausnahmen von diesem Recht.<\/p>\n<p>d)\u00a0\u00a0\u00a0 Recht auf Einschr\u00e4nkung der Verarbeitung \u2013\u00a0Art.\u00a018\u00a0DS-GVO<\/p>\n<p>Das Recht auf Einschr\u00e4nkung der Verarbeitung beinhaltet die M\u00f6glichkeit f\u00fcr den Betroffenen, eine weitere Verarbeitung der ihn angehenden personenbezogenen Daten vorerst zu verhindern.<\/p>\n<p>e)\u00a0\u00a0\u00a0 Recht auf Daten\u00fcbertragbarkeit \u2013\u00a0Art.\u00a020\u00a0DS-GVO<\/p>\n<p>Das Recht auf Daten\u00fcbertragbarkeit beinhaltet die M\u00f6glichkeit f\u00fcr den Betroffenen, die ihn angehenden personenbezogenen Daten in einem g\u00e4ngigen, maschinenlesbaren Format vom Verantwortlichen zu erhalten, um sie\u00a0ggf.\u00a0an einen anderen Verantwortlichen weiterleiten zu lassen. Gem\u00e4\u00df\u00a0Art.\u00a020\u00a0Abs.\u00a03 Satz 2\u00a0DSGVO\u00a0steht dieses Recht aber dann nicht zur Verf\u00fcgung, wenn die Datenverarbeitung der Wahrnehmung \u00f6ffentlicher Aufgaben dient.<\/p>\n<p>f)\u00a0\u00a0\u00a0\u00a0 Recht auf Widerspruch \u2013\u00a0Art.\u00a021\u00a0DS-GVO<\/p>\n<p>Das Recht auf Widerspruch beinhaltet die M\u00f6glichkeit f\u00fcr Betroffene, in einer besonderen Situation der weiteren Verarbeitung ihrer personenbezogenen Daten zu widersprechen.<\/p>\n<p><b><br \/>\nAnfragen zum\u00a0Datenschutz und L\u00f6schw\u00fcnsche richten Sie bitte an:<br \/>\n<\/b><a href=\"mailto:datenschutz-nrw@spd.de\"><br \/>\ndatenschutz-nrw@spd.de<\/a><\/p>\n<p><b><br \/>\nLinks zu anderen Websites<\/b><\/p>\n<p>Das \u00a0Online-Angebot enth\u00e4lt Links zu anderen Websites. Diese Verlinkungen sind in der Regel als solche gekennzeichnet. Wir haben keinen Einfluss darauf, inwieweit auf den verlinkten Webseiten die geltenden Datenschutzbestimmungen eingehalten werden. Wir empfehlen daher, dass Sie sich auch bei anderen Websites \u00fcber die jeweiligen Datenschutzerkl\u00e4rungen informieren.<\/p>\n<p><b><br \/>\n<\/b><b>\u00c4nderungen der Datenschutzerkl\u00e4rung<\/b><\/p>\n<p>Wir werden diese Erkl\u00e4rung bei Bedarf aktualisieren, um sie an die Website inhaltlich betreffende sowie allgemein an rechtliche Ver\u00e4nderungen anzupassen.<\/p>\n<p><em><strong>Stand:<\/strong> Juli 2020<\/em><\/p>\n<\/section>\n<\/div>\n","protected":false},"excerpt":{"rendered":"<p>Allgemeiner Hinweis Die Nutzung unserer Webseite ist in der Regel ohne Angabe personenbezogener Daten m\u00f6glich. Soweit auf unseren Seiten personenbezogene Daten (beispielsweise Name, Anschrift oder eMail-Adressen) erhoben werden, erfolgt dies, [&hellip;]<\/p>\n","protected":false},"author":2,"featured_media":0,"parent":15,"menu_order":0,"comment_status":"closed","ping_status":"closed","template":"","meta":{"_uag_custom_page_level_css":"","site-sidebar-layout":"default","site-content-layout":"default","ast-site-content-layout":"default","site-content-style":"default","site-sidebar-style":"default","ast-global-header-display":"","ast-banner-title-visibility":"","ast-main-header-display":"","ast-hfb-above-header-display":"","ast-hfb-below-header-display":"","ast-hfb-mobile-header-display":"","site-post-title":"","ast-breadcrumbs-content":"","ast-featured-img":"","footer-sml-layout":"","ast-disable-related-posts":"","theme-transparent-header-meta":"disabled","adv-header-id-meta":"","stick-header-meta":"","header-above-stick-meta":"","header-main-stick-meta":"","header-below-stick-meta":"","astra-migrate-meta-layouts":"set","ast-page-background-enabled":"default","ast-page-background-meta":{"desktop":{"background-color":"var(--ast-global-color-4)","background-image":"","background-repeat":"repeat","background-position":"center center","background-size":"auto","background-attachment":"scroll","background-type":"","background-media":"","overlay-type":"","overlay-color":"","overlay-opacity":"","overlay-gradient":""},"tablet":{"background-color":"","background-image":"","background-repeat":"repeat","background-position":"center center","background-size":"auto","background-attachment":"scroll","background-type":"","background-media":"","overlay-type":"","overlay-color":"","overlay-opacity":"","overlay-gradient":""},"mobile":{"background-color":"","background-image":"","background-repeat":"repeat","background-position":"center center","background-size":"auto","background-attachment":"scroll","background-type":"","background-media":"","overlay-type":"","overlay-color":"","overlay-opacity":"","overlay-gradient":""}},"ast-content-background-meta":{"desktop":{"background-color":"var(--ast-global-color-5)","background-image":"","background-repeat":"repeat","background-position":"center center","background-size":"auto","background-attachment":"scroll","background-type":"","background-media":"","overlay-type":"","overlay-color":"","overlay-opacity":"","overlay-gradient":""},"tablet":{"background-color":"var(--ast-global-color-5)","background-image":"","background-repeat":"repeat","background-position":"center center","background-size":"auto","background-attachment":"scroll","background-type":"","background-media":"","overlay-type":"","overlay-color":"","overlay-opacity":"","overlay-gradient":""},"mobile":{"background-color":"var(--ast-global-color-5)","background-image":"","background-repeat":"repeat","background-position":"center center","background-size":"auto","background-attachment":"scroll","background-type":"","background-media":"","overlay-type":"","overlay-color":"","overlay-opacity":"","overlay-gradient":""}},"footnotes":""},"class_list":["post-2550","page","type-page","status-publish","hentry"],"uagb_featured_image_src":{"full":false,"thumbnail":false,"medium":false,"medium_large":false,"large":false,"1536x1536":false,"2048x2048":false,"slide-thumbnail":false},"uagb_author_info":{"display_name":"Redaktion","author_link":"https:\/\/www.dasroteteam.de\/jusos\/author\/vogelje\/"},"uagb_comment_info":0,"uagb_excerpt":"Allgemeiner Hinweis Die Nutzung unserer Webseite ist in der Regel ohne Angabe personenbezogener Daten m\u00f6glich. Soweit auf unseren Seiten personenbezogene Daten (beispielsweise Name, Anschrift oder eMail-Adressen) erhoben werden, erfolgt dies, [&hellip;]","_links":{"self":[{"href":"https:\/\/www.dasroteteam.de\/jusos\/wp-json\/wp\/v2\/pages\/2550","targetHints":{"allow":["GET"]}}],"collection":[{"href":"https:\/\/www.dasroteteam.de\/jusos\/wp-json\/wp\/v2\/pages"}],"about":[{"href":"https:\/\/www.dasroteteam.de\/jusos\/wp-json\/wp\/v2\/types\/page"}],"author":[{"embeddable":true,"href":"https:\/\/www.dasroteteam.de\/jusos\/wp-json\/wp\/v2\/users\/2"}],"replies":[{"embeddable":true,"href":"https:\/\/www.dasroteteam.de\/jusos\/wp-json\/wp\/v2\/comments?post=2550"}],"version-history":[{"count":0,"href":"https:\/\/www.dasroteteam.de\/jusos\/wp-json\/wp\/v2\/pages\/2550\/revisions"}],"up":[{"embeddable":true,"href":"https:\/\/www.dasroteteam.de\/jusos\/wp-json\/wp\/v2\/pages\/15"}],"wp:attachment":[{"href":"https:\/\/www.dasroteteam.de\/jusos\/wp-json\/wp\/v2\/media?parent=2550"}],"curies":[{"name":"wp","href":"https:\/\/api.w.org\/{rel}","templated":true}]}}