{"id":222,"date":"2013-02-14T02:07:38","date_gmt":"2013-02-14T00:07:38","guid":{"rendered":"https:\/\/www.dasroteteam.de\/jusos\/?page_id=222"},"modified":"2025-04-26T14:50:40","modified_gmt":"2025-04-26T12:50:40","slug":"wir-uber-uns","status":"publish","type":"page","link":"https:\/\/www.dasroteteam.de\/jusos\/wir-uber-uns\/","title":{"rendered":"Wir \u00fcber uns"},"content":{"rendered":"<p><a href=\"https:\/\/www.dasroteteam.de\/jusos\/wp-content\/uploads\/2013\/02\/Reko16.png\" rel=\"lightbox[222]\"><img fetchpriority=\"high\" decoding=\"async\" class=\"aligncenter wp-image-2452\" src=\"https:\/\/www.dasroteteam.de\/jusos\/wp-content\/uploads\/2013\/02\/Reko16-300x127.png\" alt=\"reko16\" width=\"500\" height=\"212\" srcset=\"https:\/\/www.dasroteteam.de\/jusos\/wp-content\/uploads\/2013\/02\/Reko16-300x127.png 300w, https:\/\/www.dasroteteam.de\/jusos\/wp-content\/uploads\/2013\/02\/Reko16-768x325.png 768w, https:\/\/www.dasroteteam.de\/jusos\/wp-content\/uploads\/2013\/02\/Reko16-1024x434.png 1024w\" sizes=\"(max-width: 500px) 100vw, 500px\" \/><\/a><\/p>\n<p class=\"p1\">Die Jusos sind die Jugendorganisation der SPD, in der junge Sozialdemokraten und Sozialisten im Alter von 14 bis 35 Jahren zusammenarbeiten, um ihre eigenen Ideen f\u00fcr die Zukunft zu formulieren. Die Jusos sind auch hier, im M\u00fchlenkreis Minden-L\u00fcbbecke, mit Arbeitsgemeinschaften und vielen aktiven Mitgliedern vertreten.<\/p>\n<p class=\"p1\">Den Gro\u00dfteil unserer aktiven Jusos stellen die St\u00e4dte Bad Oeynhausen (Juso AG Bad Oeynhausen) Minden, Hille und Petershagen (Juso-AG Minden, AG Hille &amp; AG Petershagen), Porta Westfalica (Juso-AG Porta Westfalica) und Altkreis L\u00fcbbecke (Juso-AG Altkreis L\u00fcbbecke)<\/p>\n<p class=\"p1\">Mit den vielen Aktiven arbeiten wir derzeit an vielseitigen Projekten (siehe Projekte) und Seminaren. Zum Seminarschwerpunkt z\u00e4hlen unter anderem ein Presse- sowie ein Geschichtsseminar, Antifa-Seminar, Neumitgliederseminare, Grundlagenseminar zur linker Politik.<\/p>\n<p class=\"p1\">Daneben wollen wir unseren Mitgliedern aber auch Arbeitstechniken f\u00fcr die t\u00e4gliche Parteiarbeit an die Hand geben.<\/p>\n<p class=\"p1\">Aber auch der Spa\u00df kommt mit Grillparties, Kneipenabende, Ausfl\u00fcge nicht zu kurz.<\/p>\n<p><strong><span style=\"color: #ff0000;\">Jusos im Kreis Minden-L\u00fcbbecke<\/span><\/strong><\/p>\n<p><strong>In den letzten Jahren haben wir folgende Projekte durchgef\u00fchrt:<\/strong><\/p>\n<p>&#8211; Jugendfu\u00dfballturnier in Bad Oeynhausen im Kooperation mit dem TUS Volmerdingsen<br \/>\n&#8211; Literaturveranstaltung zum Thema &#8222;Integration&#8220;<br \/>\n&#8211; Eine Themenwoche zu Afghanistan mit einer Podiumsdiskussion in Minden<br \/>\n&#8211; Regelm\u00e4\u00dfigen St\u00e4nden beim Dorfgemeinschaftsfest in Minden<br \/>\n&#8211; Seminare zum Thema &#8222;Afrika&#8220; und &#8222;Nahostkonflik&#8220;<\/p>\n<p><strong>Politisch begleitet haben wir:<\/strong><\/p>\n<p>&#8211; Realisierung eine Skatesparks in Minden<br \/>\n&#8211; Realisierung eines Disco-Bussystems im Kreis Minden-L\u00fcbbecke\/Herford\/Nachtbus<br \/>\n&#8211; Bildungsstreik<br \/>\n&#8211; Antiatom-B\u00fcndnis Minden<br \/>\n&#8211; B\u00fcndnis gegen Rechts Minden<\/p>\n<p><strong>Was wir sonst so bieten:<\/strong><\/p>\n<p>&#8211; Seminare zur politischen Weiterbildung<br \/>\n&#8211; Filmabende\/Fahrten<br \/>\n&#8211; Grillabende<\/p>\n","protected":false},"excerpt":{"rendered":"<p>Die Jusos sind die Jugendorganisation der SPD, in der junge Sozialdemokraten und Sozialisten im Alter von 14 bis 35 Jahren zusammenarbeiten, um ihre eigenen Ideen f\u00fcr die Zukunft zu formulieren. [&hellip;]<\/p>\n","protected":false},"author":2,"featured_media":0,"parent":0,"menu_order":0,"comment_status":"closed","ping_status":"closed","template":"","meta":{"_uag_custom_page_level_css":"","site-sidebar-layout":"default","site-content-layout":"default","ast-site-content-layout":"default","site-content-style":"default","site-sidebar-style":"default","ast-global-header-display":"","ast-banner-title-visibility":"","ast-main-header-display":"","ast-hfb-above-header-display":"","ast-hfb-below-header-display":"","ast-hfb-mobile-header-display":"","site-post-title":"","ast-breadcrumbs-content":"","ast-featured-img":"","footer-sml-layout":"","ast-disable-related-posts":"","theme-transparent-header-meta":"disabled","adv-header-id-meta":"","stick-header-meta":"","header-above-stick-meta":"","header-main-stick-meta":"","header-below-stick-meta":"","astra-migrate-meta-layouts":"set","ast-page-background-enabled":"default","ast-page-background-meta":{"desktop":{"background-color":"var(--ast-global-color-4)","background-image":"","background-repeat":"repeat","background-position":"center center","background-size":"auto","background-attachment":"scroll","background-type":"","background-media":"","overlay-type":"","overlay-color":"","overlay-opacity":"","overlay-gradient":""},"tablet":{"background-color":"","background-image":"","background-repeat":"repeat","background-position":"center center","background-size":"auto","background-attachment":"scroll","background-type":"","background-media":"","overlay-type":"","overlay-color":"","overlay-opacity":"","overlay-gradient":""},"mobile":{"background-color":"","background-image":"","background-repeat":"repeat","background-position":"center center","background-size":"auto","background-attachment":"scroll","background-type":"","background-media":"","overlay-type":"","overlay-color":"","overlay-opacity":"","overlay-gradient":""}},"ast-content-background-meta":{"desktop":{"background-color":"var(--ast-global-color-5)","background-image":"","background-repeat":"repeat","background-position":"center center","background-size":"auto","background-attachment":"scroll","background-type":"","background-media":"","overlay-type":"","overlay-color":"","overlay-opacity":"","overlay-gradient":""},"tablet":{"background-color":"var(--ast-global-color-5)","background-image":"","background-repeat":"repeat","background-position":"center center","background-size":"auto","background-attachment":"scroll","background-type":"","background-media":"","overlay-type":"","overlay-color":"","overlay-opacity":"","overlay-gradient":""},"mobile":{"background-color":"var(--ast-global-color-5)","background-image":"","background-repeat":"repeat","background-position":"center center","background-size":"auto","background-attachment":"scroll","background-type":"","background-media":"","overlay-type":"","overlay-color":"","overlay-opacity":"","overlay-gradient":""}},"footnotes":""},"class_list":["post-222","page","type-page","status-publish","hentry"],"uagb_featured_image_src":{"full":false,"thumbnail":false,"medium":false,"medium_large":false,"large":false,"1536x1536":false,"2048x2048":false,"slide-thumbnail":false},"uagb_author_info":{"display_name":"Redaktion","author_link":"https:\/\/www.dasroteteam.de\/jusos\/author\/vogelje\/"},"uagb_comment_info":0,"uagb_excerpt":"Die Jusos sind die Jugendorganisation der SPD, in der junge Sozialdemokraten und Sozialisten im Alter von 14 bis 35 Jahren zusammenarbeiten, um ihre eigenen Ideen f\u00fcr die Zukunft zu formulieren. [&hellip;]","_links":{"self":[{"href":"https:\/\/www.dasroteteam.de\/jusos\/wp-json\/wp\/v2\/pages\/222","targetHints":{"allow":["GET"]}}],"collection":[{"href":"https:\/\/www.dasroteteam.de\/jusos\/wp-json\/wp\/v2\/pages"}],"about":[{"href":"https:\/\/www.dasroteteam.de\/jusos\/wp-json\/wp\/v2\/types\/page"}],"author":[{"embeddable":true,"href":"https:\/\/www.dasroteteam.de\/jusos\/wp-json\/wp\/v2\/users\/2"}],"replies":[{"embeddable":true,"href":"https:\/\/www.dasroteteam.de\/jusos\/wp-json\/wp\/v2\/comments?post=222"}],"version-history":[{"count":0,"href":"https:\/\/www.dasroteteam.de\/jusos\/wp-json\/wp\/v2\/pages\/222\/revisions"}],"wp:attachment":[{"href":"https:\/\/www.dasroteteam.de\/jusos\/wp-json\/wp\/v2\/media?parent=222"}],"curies":[{"name":"wp","href":"https:\/\/api.w.org\/{rel}","templated":true}]}}