{"id":1605,"date":"2013-08-05T02:57:51","date_gmt":"2013-08-05T00:57:51","guid":{"rendered":"https:\/\/www.dasroteteam.de\/jusos\/?page_id=1605"},"modified":"2016-11-03T11:13:22","modified_gmt":"2016-11-03T10:13:22","slug":"bildung-ausbildung","status":"publish","type":"page","link":"https:\/\/www.dasroteteam.de\/jusos\/wir-uber-uns\/was-wir-wollen\/bildung-ausbildung\/","title":{"rendered":"Bildung &#038; Ausbildung"},"content":{"rendered":"<p><a href=\"https:\/\/www.dasroteteam.de\/jusos\/wp-content\/uploads\/2013\/08\/was-wir-wollen-Bildung.png\" rel=\"lightbox[1605]\"><img fetchpriority=\"high\" decoding=\"async\" class=\"aligncenter wp-image-2458 size-full\" src=\"https:\/\/www.dasroteteam.de\/jusos\/wp-content\/uploads\/2013\/08\/was-wir-wollen-Bildung.png\" alt=\"was-wir-wollen-bildung\" width=\"500\" height=\"200\" srcset=\"https:\/\/www.dasroteteam.de\/jusos\/wp-content\/uploads\/2013\/08\/was-wir-wollen-Bildung.png 500w, https:\/\/www.dasroteteam.de\/jusos\/wp-content\/uploads\/2013\/08\/was-wir-wollen-Bildung-300x120.png 300w\" sizes=\"(max-width: 500px) 100vw, 500px\" \/><\/a><\/p>\n<p>Bildung ist nicht nur Grundrecht, sondern f\u00c3\u00bcr uns auch Herzensangelegenheit, um jeder und jedem ein selbstbestimmtes Leben zu erm\u00c3\u00b6glichen. Bildungsgerechtigkeit bedeutet f\u00c3\u00bcr uns, keinen Menschen zur\u00c3\u00bcckzulassen, von der Kita bis zur Hochschule oder Ausbildung.<\/p>\n<p>Bildung muss allen Menschen gleicherma\u00c3\u0178en zug\u00c3\u00a4nglich sein. Wir setzen uns deshalb f\u00c3\u00bcr kostenfreie Bildung von der Kita bis zur Hochschule und f\u00c3\u00bcr die Abschaffung s\u00c3\u00a4mtlicher Geb\u00c3\u00bchren ein. Damit kostenfreie Bildung finanziert werden kann, engagieren wir uns f\u00c3\u00bcr die Aufhebung des Kooperationsverbots zwischen Bund und L\u00c3\u00a4ndern, das bisher eine Bildungsf\u00c3\u00b6rderung aus Bundesmitteln weitgehend verhindert.<\/p>\n<p>Wir m\u00c3\u00b6chten weg von einem mehrgliedrigen Schulsystem, in dem junge Menschen oftmals nur nach sozialer Herkunft in Schubladen gesteckt werden oder zu tausenden keinen Schulabschluss erlangen. Auch schaffen immer noch 80 Prozent der Jugendlichen keinen h\u00c3\u00b6heren Bildungsabschluss als ihre Eltern, unabh\u00c3\u00a4ngig von ihren eigenen F\u00c3\u00a4higkeiten. Nur 24 Prozent der Jugendlichen in Deutschland schaffen heute den Sprung auf die Hochschule, wenn ihre Eltern keine Akademiker sind.<\/p>\n<p>Bildung darf nicht von sozialer Herkunft oder dem Geldbeutel der Eltern abh\u00c3\u00a4ngig sein, deshalb k\u00c3\u00a4mpfen wir f\u00c3\u00bcr ein Bildungssystem, in dem Sch\u00c3\u00bclerinnen und Sch\u00c3\u00bcler in ihren F\u00c3\u00a4higkeiten gef\u00c3\u00b6rdert und bei Defiziten unterst\u00c3\u00bctzt werden. Die M\u00c3\u00b6glichkeit, h\u00c3\u00b6here Abschl\u00c3\u00bcsse zu erlangen, soll ein Leben lang offen stehen. Im Rahmen des regul\u00c3\u00a4ren Schulsystems wollen wir, dass die Entscheidung beispielsweise \u00c3\u00bcber die Aussicht, das Abitur zu machen, erst m\u00c3\u00b6glichst sp\u00c3\u00a4t getroffen wird \u00e2\u20ac\u201c und nicht etwa schon beim Wechsel von der Grundschule zur weiterf\u00c3\u00bchrenden Schule. Auch sehen wir im fl\u00c3\u00a4chendeckenden Ausbau des Ganztagsangebots einen weiteren Schritt zu besseren Bildungschancen f\u00c3\u00bcr alle.<\/p>\n<p>Wir setzen auf ein inklusives Schulsystem, in dem niemand ausgeschlossen wird. Denn wir alle sind verschieden. Deshalb machen wir Jusos uns stark f\u00c3\u00bcr ein gemeinsames Lernen von Sch\u00c3\u00bclerinnen und Sch\u00c3\u00bclern mit und ohne Handicaps. Kinder und Jugendliche mit sonderp\u00c3\u00a4dagogischem F\u00c3\u00b6rderbedarf sind gleichberechtigter Teil der Gesellschaft. Sie m\u00c3\u00bcssen das Recht haben, barrierefrei am Unterricht von allgemeinen Schulen teilzunehmen. Daf\u00c3\u00bcr m\u00c3\u00bcssen genug Ressourcen, sowohl f\u00c3\u00bcr die Ausstattung der Schulen als auch f\u00c3\u00bcr gut ausgebildete Lehrkr\u00c3\u00a4fte, zur Verf\u00c3\u00bcgung gestellt werden. Wir wollen alle am Schulleben Beteiligten mitnehmen, daher ist uns die innerschulische Mitsprache schon seit jeher sehr wichtig.<\/p>\n<p>Wir Jusos stehen ebenso f\u00c3\u00bcr das duale Ausbildungssystem und f\u00c3\u00bcr eine hohe Ausbildungsqualit\u00c3\u00a4t ein. Warteschleifen und Umschulungen sind keine L\u00c3\u00b6sung.\u00c2\u00a0 Jeder Jugendliche ohne Ausbildung ist einer zu viel, trotzdem finden jedes Jahr rund 80.000 Jugendliche keinen Ausbildungsplatz.\u00c2\u00a0 Diesen Jugendlichen muss mit einer Ausbildungsgarantie geholfen werden. Nach der Ausbildung muss es eine Perspektive auf \u00c3\u0153bernahme und faire Bezahlung geben.<\/p>\n<p>Immer wichtiger werden beim Weg in den Beruf auch Praktika und Traineestellen. Leider nutzen viele Arbeitgeber diese Instrumente aus, um sich kostenfrei oder zumindest sehr g\u00c3\u00bcnstig Arbeitskr\u00c3\u00a4fte zu sichern und diese nach kurzer Zeit und hoher Arbeitsbelastung auszutauschen. Wir Jusos wollen, dass dieser Bereich st\u00c3\u00a4rker reguliert wird und Praktikanten und Trainees w\u00c3\u00a4hrend ihrer Arbeitszeit tats\u00c3\u00a4chlich etwas lernen, anstatt nur als billige Arbeitskr\u00c3\u00a4fte zu dienen. Wir wollen eine faire Entlohnung auch von Praktikanten und Trainees, die auch ihre Qualifikation und T\u00c3\u00a4tigkeit ber\u00c3\u00bccksichtigt, und eine sinnvolle Begrenzung ihrer Einsatzdauer.<\/p>\n","protected":false},"excerpt":{"rendered":"<p>Bildung ist nicht nur Grundrecht, sondern f\u00c3\u00bcr uns auch Herzensangelegenheit, um jeder und jedem ein selbstbestimmtes Leben zu erm\u00c3\u00b6glichen. Bildungsgerechtigkeit bedeutet f\u00c3\u00bcr uns, keinen Menschen zur\u00c3\u00bcckzulassen, von der Kita bis [&hellip;]<\/p>\n","protected":false},"author":2,"featured_media":0,"parent":1590,"menu_order":0,"comment_status":"open","ping_status":"open","template":"","meta":{"_uag_custom_page_level_css":"","site-sidebar-layout":"default","site-content-layout":"","ast-site-content-layout":"default","site-content-style":"default","site-sidebar-style":"default","ast-global-header-display":"","ast-banner-title-visibility":"","ast-main-header-display":"","ast-hfb-above-header-display":"","ast-hfb-below-header-display":"","ast-hfb-mobile-header-display":"","site-post-title":"","ast-breadcrumbs-content":"","ast-featured-img":"","footer-sml-layout":"","ast-disable-related-posts":"","theme-transparent-header-meta":"","adv-header-id-meta":"","stick-header-meta":"","header-above-stick-meta":"","header-main-stick-meta":"","header-below-stick-meta":"","astra-migrate-meta-layouts":"default","ast-page-background-enabled":"default","ast-page-background-meta":{"desktop":{"background-color":"var(--ast-global-color-4)","background-image":"","background-repeat":"repeat","background-position":"center center","background-size":"auto","background-attachment":"scroll","background-type":"","background-media":"","overlay-type":"","overlay-color":"","overlay-opacity":"","overlay-gradient":""},"tablet":{"background-color":"","background-image":"","background-repeat":"repeat","background-position":"center center","background-size":"auto","background-attachment":"scroll","background-type":"","background-media":"","overlay-type":"","overlay-color":"","overlay-opacity":"","overlay-gradient":""},"mobile":{"background-color":"","background-image":"","background-repeat":"repeat","background-position":"center center","background-size":"auto","background-attachment":"scroll","background-type":"","background-media":"","overlay-type":"","overlay-color":"","overlay-opacity":"","overlay-gradient":""}},"ast-content-background-meta":{"desktop":{"background-color":"var(--ast-global-color-5)","background-image":"","background-repeat":"repeat","background-position":"center center","background-size":"auto","background-attachment":"scroll","background-type":"","background-media":"","overlay-type":"","overlay-color":"","overlay-opacity":"","overlay-gradient":""},"tablet":{"background-color":"var(--ast-global-color-5)","background-image":"","background-repeat":"repeat","background-position":"center center","background-size":"auto","background-attachment":"scroll","background-type":"","background-media":"","overlay-type":"","overlay-color":"","overlay-opacity":"","overlay-gradient":""},"mobile":{"background-color":"var(--ast-global-color-5)","background-image":"","background-repeat":"repeat","background-position":"center center","background-size":"auto","background-attachment":"scroll","background-type":"","background-media":"","overlay-type":"","overlay-color":"","overlay-opacity":"","overlay-gradient":""}},"footnotes":""},"class_list":["post-1605","page","type-page","status-publish","hentry"],"uagb_featured_image_src":{"full":false,"thumbnail":false,"medium":false,"medium_large":false,"large":false,"1536x1536":false,"2048x2048":false,"slide-thumbnail":false},"uagb_author_info":{"display_name":"Redaktion","author_link":"https:\/\/www.dasroteteam.de\/jusos\/author\/vogelje\/"},"uagb_comment_info":0,"uagb_excerpt":"Bildung ist nicht nur Grundrecht, sondern f\u00c3\u00bcr uns auch Herzensangelegenheit, um jeder und jedem ein selbstbestimmtes Leben zu erm\u00c3\u00b6glichen. Bildungsgerechtigkeit bedeutet f\u00c3\u00bcr uns, keinen Menschen zur\u00c3\u00bcckzulassen, von der Kita bis [&hellip;]","_links":{"self":[{"href":"https:\/\/www.dasroteteam.de\/jusos\/wp-json\/wp\/v2\/pages\/1605","targetHints":{"allow":["GET"]}}],"collection":[{"href":"https:\/\/www.dasroteteam.de\/jusos\/wp-json\/wp\/v2\/pages"}],"about":[{"href":"https:\/\/www.dasroteteam.de\/jusos\/wp-json\/wp\/v2\/types\/page"}],"author":[{"embeddable":true,"href":"https:\/\/www.dasroteteam.de\/jusos\/wp-json\/wp\/v2\/users\/2"}],"replies":[{"embeddable":true,"href":"https:\/\/www.dasroteteam.de\/jusos\/wp-json\/wp\/v2\/comments?post=1605"}],"version-history":[{"count":0,"href":"https:\/\/www.dasroteteam.de\/jusos\/wp-json\/wp\/v2\/pages\/1605\/revisions"}],"up":[{"embeddable":true,"href":"https:\/\/www.dasroteteam.de\/jusos\/wp-json\/wp\/v2\/pages\/1590"}],"wp:attachment":[{"href":"https:\/\/www.dasroteteam.de\/jusos\/wp-json\/wp\/v2\/media?parent=1605"}],"curies":[{"name":"wp","href":"https:\/\/api.w.org\/{rel}","templated":true}]}}